{"id":9330,"date":"2025-12-05T13:54:16","date_gmt":"2025-12-05T12:54:16","guid":{"rendered":"https:\/\/www.baynetna.media\/?page_id=9330"},"modified":"2025-12-18T15:59:28","modified_gmt":"2025-12-18T14:59:28","slug":"the-journalists","status":"publish","type":"page","link":"https:\/\/www.baynetna.media\/en\/the-journalists\/","title":{"rendered":"The journalists"},"content":{"rendered":"\t\t<div data-elementor-type=\"wp-page\" data-elementor-id=\"9330\" class=\"elementor elementor-9330 elementor-9322\" data-elementor-post-type=\"page\">\n\t\t\t\t<div class=\"elementor-element elementor-element-3589d963 e-con-full e-flex e-con e-parent\" data-id=\"3589d963\" data-element_type=\"container\" data-e-type=\"container\">\n\t\t<div class=\"elementor-element elementor-element-1383f3a e-grid e-con-boxed e-con e-child\" data-id=\"1383f3a\" data-element_type=\"container\" data-e-type=\"container\">\n\t\t\t\t\t<div class=\"e-con-inner\">\n\t\t\t\t<div class=\"elementor-element elementor-element-84c479b elementor-widget elementor-widget-image\" data-id=\"84c479b\" data-element_type=\"widget\" data-e-type=\"widget\" data-widget_type=\"image.default\">\n\t\t\t\t\t\t\t\t\t\t\t\t\t\t\t<img decoding=\"async\" src=\"https:\/\/www.baynetna.media\/wp-content\/uploads\/elementor\/thumbs\/ES-Picto-Baynetna.media_-rgat2fombrhbibwby6yke90cluogxe8vvczfnuztg0.webp\" title=\"ES-Picto &#8211; Baynetna.media\" alt=\"ES-Picto - Baynetna.media\" loading=\"lazy\" \/>\t\t\t\t\t\t\t\t\t\t\t\t\t\t\t<\/div>\n\t\t\t\t<div class=\"elementor-element elementor-element-3feaf02 elementor-widget elementor-widget-text-editor\" data-id=\"3feaf02\" data-element_type=\"widget\" data-e-type=\"widget\" data-widget_type=\"text-editor.default\">\n\t\t\t\t\t\t\t\t\t<h2><b>Elias S.<\/b><\/h2>\t\t\t\t\t\t\t\t<\/div>\n\t\t\t\t<div class=\"elementor-element elementor-element-dc7c3c5 elementor-widget elementor-widget-text-editor\" data-id=\"dc7c3c5\" data-element_type=\"widget\" data-e-type=\"widget\" data-widget_type=\"text-editor.default\">\n\t\t\t\t\t\t\t\t\t<p><span style=\"font-weight: 400;\">Originaire du Metn, Elias \u00e9volue dans un environnement familial o\u00f9 les questions politiques et \u00e9conomiques occupent une place centrale. Ce cadre favorise, d\u00e8s ses premi\u00e8res ann\u00e9es, son int\u00e9r\u00eat pour les chiffres, la recherche et les enjeux g\u00e9opolitiques, l\u2019amenant \u00e0 s\u2019orienter vers des \u00e9tudes en \u00e9conomie et en relations internationales.<\/span><\/p><p><span style=\"font-weight: 400;\">\u00c0 l\u2019universit\u00e9, il se distingue par sa ma\u00eetrise des outils d\u2019analyse, du traitement des donn\u00e9es et du fact-checking \u00e9conomique. Il participe \u00e0 des simulations des Nations unies, contribue \u00e0 des revues \u00e9tudiantes et d\u00e9veloppe une expertise sur les crises financi\u00e8res et \u00e9nerg\u00e9tiques au Liban.<\/span><\/p>\t\t\t\t\t\t\t\t<\/div>\n\t\t\t\t<div class=\"elementor-element elementor-element-73192a1 elementor-widget elementor-widget-text-editor\" data-id=\"73192a1\" data-element_type=\"widget\" data-e-type=\"widget\" data-widget_type=\"text-editor.default\">\n\t\t\t\t\t\t\t\t\t<p><span style=\"font-weight: 400;\">Son travail se caract\u00e9rise par une approche structur\u00e9e, m\u00e9thodique et rigoureuse, avec pour objectif de rendre accessibles des sujets complexes souvent per\u00e7us comme \u00e9loign\u00e9s des r\u00e9alit\u00e9s quotidiennes.<\/span><\/p><p><span style=\"font-weight: 400;\">Au sein de Baynetna, Elias apporte des analyses factuelles, une structuration claire des enjeux, une profondeur strat\u00e9gique et une vision de long terme.<\/span><\/p>\t\t\t\t\t\t\t\t<\/div>\n\t\t\t\t\t<\/div>\n\t\t\t\t<\/div>\n\t\t\t\t<\/div>\n\t\t<div class=\"elementor-element elementor-element-daf9e92 e-flex e-con-boxed e-con e-parent\" data-id=\"daf9e92\" data-element_type=\"container\" data-e-type=\"container\">\n\t\t\t\t\t<div class=\"e-con-inner\">\n\t\t<div class=\"elementor-element elementor-element-dba769d e-grid e-con-boxed e-con e-child\" data-id=\"dba769d\" data-element_type=\"container\" data-e-type=\"container\">\n\t\t\t\t\t<div class=\"e-con-inner\">\n\t\t\t\t<div class=\"elementor-element elementor-element-2db4430 elementor-widget elementor-widget-image\" data-id=\"2db4430\" data-element_type=\"widget\" data-e-type=\"widget\" data-widget_type=\"image.default\">\n\t\t\t\t\t\t\t\t\t\t\t\t\t\t\t<img decoding=\"async\" src=\"https:\/\/www.baynetna.media\/wp-content\/uploads\/elementor\/thumbs\/RF-Picto-Baynetna.media_-rgat2ii4w9l6h5s8hq6g3qaqe0akkhk2vqxw3ovmxc.webp\" title=\"RF &#8211; Picto &#8211; Baynetna.media\" alt=\"RF - Picto - Baynetna.media\" loading=\"lazy\" \/>\t\t\t\t\t\t\t\t\t\t\t\t\t\t\t<\/div>\n\t\t\t\t<div class=\"elementor-element elementor-element-824ecee elementor-widget elementor-widget-text-editor\" data-id=\"824ecee\" data-element_type=\"widget\" data-e-type=\"widget\" data-widget_type=\"text-editor.default\">\n\t\t\t\t\t\t\t\t\t<h2><b>Rania F.<\/b><\/h2>\t\t\t\t\t\t\t\t<\/div>\n\t\t\t\t<div class=\"elementor-element elementor-element-e2f6d69 elementor-widget elementor-widget-text-editor\" data-id=\"e2f6d69\" data-element_type=\"widget\" data-e-type=\"widget\" data-widget_type=\"text-editor.default\">\n\t\t\t\t\t\t\t\t\t<p><span style=\"font-weight: 400;\">Rania a grandi dans la banlieue sud de Beyrouth, un quartier vivant, riche de cultures et de liens humains, mais souvent r\u00e9duit \u00e0 des images simplistes. Elle apprend tr\u00e8s t\u00f4t \u00e0 observer, \u00e0 \u00e9couter et \u00e0 chercher le sens derri\u00e8re les r\u00e9alit\u00e9s sociales qui l\u2019entourent.<\/span><\/p><p><span style=\"font-weight: 400;\">Anim\u00e9e par le d\u00e9sir de mieux comprendre les personnes et les m\u00e9canismes qui fa\u00e7onnent la soci\u00e9t\u00e9 libanaise, elle se tourne naturellement vers la sociologie, la psychologie et les sciences politiques. \u00c0 l\u2019universit\u00e9, elle s\u2019engage dans des espaces de dialogue et d\u2019action collective, o\u00f9 elle participe \u00e0 des initiatives en faveur du vivre-ensemble, de l\u2019autonomisation des femmes et de l\u2019engagement citoyen.<\/span><\/p>\t\t\t\t\t\t\t\t<\/div>\n\t\t\t\t<div class=\"elementor-element elementor-element-0858e4d elementor-widget elementor-widget-text-editor\" data-id=\"0858e4d\" data-element_type=\"widget\" data-e-type=\"widget\" data-widget_type=\"text-editor.default\">\n\t\t\t\t\t\t\t\t\t<p><span style=\"font-weight: 400;\">Rania aime cr\u00e9er des ponts : elle organise des discussions, anime des ateliers et prend le temps d\u2019expliquer des sujets complexes avec des mots simples. Pour elle, le dialogue commence toujours par l\u2019\u00e9coute. Sa force r\u00e9side dans son attention aux nuances et dans sa capacit\u00e9 \u00e0 parler des tensions sociales avec empathie, sans jamais opposer.<\/span><\/p><p><span style=\"font-weight: 400;\">Au sein de Baynetna, Rania apporte une approche humaine et p\u00e9dagogique, une grande sensibilit\u00e9 aux r\u00e9alit\u00e9s du terrain et un regard attentif qui aide \u00e0 mieux comprendre, plut\u00f4t qu\u2019\u00e0 diviser.<\/span><\/p>\t\t\t\t\t\t\t\t<\/div>\n\t\t\t\t\t<\/div>\n\t\t\t\t<\/div>\n\t\t\t\t\t<\/div>\n\t\t\t\t<\/div>\n\t\t<div class=\"elementor-element elementor-element-51be94e e-con-full e-flex e-con e-parent\" data-id=\"51be94e\" data-element_type=\"container\" data-e-type=\"container\">\n\t\t<div class=\"elementor-element elementor-element-ea2b996 e-grid e-con-boxed e-con e-child\" data-id=\"ea2b996\" data-element_type=\"container\" data-e-type=\"container\">\n\t\t\t\t\t<div class=\"e-con-inner\">\n\t\t\t\t<div class=\"elementor-element elementor-element-ff63848 elementor-widget elementor-widget-image\" data-id=\"ff63848\" data-element_type=\"widget\" data-e-type=\"widget\" data-widget_type=\"image.default\">\n\t\t\t\t\t\t\t\t\t\t\t\t\t\t\t<img decoding=\"async\" src=\"https:\/\/www.baynetna.media\/wp-content\/uploads\/elementor\/thumbs\/WK-Picto-Baynetna.media_-rgat2kdt9xnr4dpi6qzp8ptnks1azvrjk08v28sukw.webp\" title=\"WK &#8211; Pictogram &#8211; Baynetna.media\" alt=\"WK - Pictogram - Baynetna.media\" loading=\"lazy\" \/>\t\t\t\t\t\t\t\t\t\t\t\t\t\t\t<\/div>\n\t\t\t\t<div class=\"elementor-element elementor-element-9c8d511 elementor-widget elementor-widget-text-editor\" data-id=\"9c8d511\" data-element_type=\"widget\" data-e-type=\"widget\" data-widget_type=\"text-editor.default\">\n\t\t\t\t\t\t\t\t\t<h2><b>Wa\u00ebl K.<\/b><\/h2>\t\t\t\t\t\t\t\t<\/div>\n\t\t\t\t<div class=\"elementor-element elementor-element-2f6a309 elementor-widget elementor-widget-text-editor\" data-id=\"2f6a309\" data-element_type=\"widget\" data-e-type=\"widget\" data-widget_type=\"text-editor.default\">\n\t\t\t\t\t\t\t\t\t<p><span style=\"font-weight: 400;\">Originaire de Tripoli, Wa\u00ebl est issu d\u2019un quartier anim\u00e9, marqu\u00e9 par une forte culture du d\u00e9bat politique, entre caf\u00e9s de rue et discussions familiales. Tr\u00e8s t\u00f4t, il s\u2019int\u00e9resse \u00e0 l\u2019actualit\u00e9, suit les m\u00e9dias, analyse les discours et d\u00e9veloppe un regard critique sur l\u2019information.<\/span><\/p><p><span style=\"font-weight: 400;\">\u00c0 15 ans, il lance un blog personnel consacr\u00e9 aux r\u00e9alit\u00e9s locales de Tripoli, mettant en lumi\u00e8re des parcours d\u2019artisans, de p\u00eacheurs, d\u2019\u00e9tudiants et la vie quotidienne du quartier de Mina.<\/span><\/p>\t\t\t\t\t\t\t\t<\/div>\n\t\t\t\t<div class=\"elementor-element elementor-element-8779706 elementor-widget elementor-widget-text-editor\" data-id=\"8779706\" data-element_type=\"widget\" data-e-type=\"widget\" data-widget_type=\"text-editor.default\">\n\t\t\t\t\t\t\t\t\t<p><span style=\"font-weight: 400;\">Il poursuit des \u00e9tudes en communication et journalisme, participe \u00e0 des ateliers et festivals d\u00e9di\u00e9s aux m\u00e9dias, se forme aux pratiques de fact-checking et effectue plusieurs stages au sein de r\u00e9dactions locales.<\/span><\/p><p><span style=\"font-weight: 400;\">Son \u00e9criture est directe, pr\u00e9cise et ancr\u00e9e dans le terrain. Sa ligne \u00e9ditoriale repose sur une conviction claire : l\u2019information doit \u00eatre expliqu\u00e9e, pas impos\u00e9e.<\/span><\/p><p><span style=\"font-weight: 400;\">Au sein de Baynetna, Wa\u00ebl apporte une approche journalistique rigoureuse, un sens du d\u00e9tail et une capacit\u00e9 \u00e0 raconter l\u2019actualit\u00e9 de mani\u00e8re accessible et factuelle.<\/span><\/p>\t\t\t\t\t\t\t\t<\/div>\n\t\t\t\t\t<\/div>\n\t\t\t\t<\/div>\n\t\t\t\t<\/div>\n\t\t<div class=\"elementor-element elementor-element-f940a8d e-con-full e-flex e-con e-parent\" data-id=\"f940a8d\" data-element_type=\"container\" data-e-type=\"container\">\n\t\t<div class=\"elementor-element elementor-element-aa3c719 e-grid e-con-boxed e-con e-child\" data-id=\"aa3c719\" data-element_type=\"container\" data-e-type=\"container\">\n\t\t\t\t\t<div class=\"e-con-inner\">\n\t\t\t\t<div class=\"elementor-element elementor-element-e6ed256 elementor-widget elementor-widget-image\" data-id=\"e6ed256\" data-element_type=\"widget\" data-e-type=\"widget\" data-widget_type=\"image.default\">\n\t\t\t\t\t\t\t\t\t\t\t\t\t\t\t<img decoding=\"async\" src=\"https:\/\/www.baynetna.media\/wp-content\/uploads\/elementor\/thumbs\/Picto-CJ-Baynetna.media_-rgat2hkapfjw5jtln7rtj8j9smf7csgcjmaemex13k.webp\" title=\"Pictogram &#8211; CJ &#8211; Baynetna.media\" alt=\"Pictogram - CJ - Baynetna.media\" loading=\"lazy\" \/>\t\t\t\t\t\t\t\t\t\t\t\t\t\t\t<\/div>\n\t\t\t\t<div class=\"elementor-element elementor-element-45b7721 elementor-widget elementor-widget-text-editor\" data-id=\"45b7721\" data-element_type=\"widget\" data-e-type=\"widget\" data-widget_type=\"text-editor.default\">\n\t\t\t\t\t\t\t\t\t<h2><b>Chanine J.<\/b><\/h2>\t\t\t\t\t\t\t\t<\/div>\n\t\t\t\t<div class=\"elementor-element elementor-element-d23bcce elementor-widget elementor-widget-text-editor\" data-id=\"d23bcce\" data-element_type=\"widget\" data-e-type=\"widget\" data-widget_type=\"text-editor.default\">\n\t\t\t\t\t\t\t\t\t<p><span style=\"font-weight: 400;\">N\u00e9e \u00e0 Beyrouth, Chanine a pass\u00e9 son enfance entre les librairies du centre-ville et les discussions \u00e9conomiques qui animaient sa famille. Tr\u00e8s t\u00f4t, elle s\u2019int\u00e9resse aux m\u00e9canismes financiers et aux politiques publiques, avec une approche fond\u00e9e sur les donn\u00e9es, l\u2019analyse et le fact-checking.<\/span><\/p><p><span style=\"font-weight: 400;\">Form\u00e9e \u00e0 l\u2019\u00e9conomie, elle d\u00e9veloppe une expertise sur les questions budg\u00e9taires, mon\u00e9taires et les r\u00e9formes structurelles, en particulier dans le contexte libanais. Son travail consiste \u00e0 d\u00e9coder des m\u00e9canismes complexes \u2014 inflation, dette, fiscalit\u00e9, subventions \u2014 et \u00e0 en expliquer les implications concr\u00e8tes pour les citoyens.<\/span><\/p>\t\t\t\t\t\t\t\t<\/div>\n\t\t\t\t<div class=\"elementor-element elementor-element-ca3c46b elementor-widget elementor-widget-text-editor\" data-id=\"ca3c46b\" data-element_type=\"widget\" data-e-type=\"widget\" data-widget_type=\"text-editor.default\">\n\t\t\t\t\t\t\t\t\t<p><span style=\"font-weight: 400;\">Son approche est rigoureuse, factuelle et p\u00e9dagogique. Elle privil\u00e9gie les chiffres sourc\u00e9s, le contexte et la clart\u00e9, sans jargon inutile.<\/span><\/p><p><span style=\"font-weight: 400;\">Au sein de Baynetna, Chanine apporte une expertise \u00e9conomique solide, une lecture pr\u00e9cise des donn\u00e9es et une capacit\u00e9 \u00e0 rendre compr\u00e9hensibles des enjeux \u00e9conomiques souvent per\u00e7us comme abstraits ou techniques.<\/span><\/p>\t\t\t\t\t\t\t\t<\/div>\n\t\t\t\t\t<\/div>\n\t\t\t\t<\/div>\n\t\t\t\t<\/div>\n\t\t\t\t<\/div>\n\t\t","protected":false},"excerpt":{"rendered":"<p>Elias S. Elias grew up in a quiet environment in Metn, in a family where politics and economics were discussed equally around the dinner table. From a very young age, he developed a strong interest in numbers, research, and geopolitics. He pursued studies in economics and international relations. At university, he excelled in everything related [&hellip;]<\/p>\n","protected":false},"author":17,"featured_media":0,"parent":0,"menu_order":0,"comment_status":"closed","ping_status":"closed","template":"","meta":{"iawp_total_views":4,"footnotes":""},"class_list":["post-9330","page","type-page","status-publish","hentry"],"_links":{"self":[{"href":"https:\/\/www.baynetna.media\/en\/wp-json\/wp\/v2\/pages\/9330","targetHints":{"allow":["GET"]}}],"collection":[{"href":"https:\/\/www.baynetna.media\/en\/wp-json\/wp\/v2\/pages"}],"about":[{"href":"https:\/\/www.baynetna.media\/en\/wp-json\/wp\/v2\/types\/page"}],"author":[{"embeddable":true,"href":"https:\/\/www.baynetna.media\/en\/wp-json\/wp\/v2\/users\/17"}],"replies":[{"embeddable":true,"href":"https:\/\/www.baynetna.media\/en\/wp-json\/wp\/v2\/comments?post=9330"}],"version-history":[{"count":2,"href":"https:\/\/www.baynetna.media\/en\/wp-json\/wp\/v2\/pages\/9330\/revisions"}],"predecessor-version":[{"id":9595,"href":"https:\/\/www.baynetna.media\/en\/wp-json\/wp\/v2\/pages\/9330\/revisions\/9595"}],"wp:attachment":[{"href":"https:\/\/www.baynetna.media\/en\/wp-json\/wp\/v2\/media?parent=9330"}],"curies":[{"name":"wp","href":"https:\/\/api.w.org\/{rel}","templated":true}]}}